{"id":211,"date":"2024-05-22T14:24:18","date_gmt":"2024-05-22T14:24:18","guid":{"rendered":"https:\/\/177121wp08.serviciosformacion.com\/?post_type=product&#038;p=211"},"modified":"2024-05-22T18:32:38","modified_gmt":"2024-05-22T18:32:38","slug":"melotadoso-pirata","status":"publish","type":"product","link":"https:\/\/177121wp08.serviciosformacion.com\/?product=melotadoso-pirata","title":{"rendered":"MELOTADOSO PIRATA MAX"},"content":{"rendered":"<p>&nbsp;<\/p>\n<p>El\u00a0<strong>Melotadoso con dise\u00f1o pirata Max<\/strong>\u00a0es una emocionante embarcaci\u00f3n lista para surcar los mares. Su dise\u00f1o inflable, inspirado en los piratas, se controla tanto a trav\u00e9s de una aplicaci\u00f3n como directamente desde el propio Melotadoso. Pero eso no es todo: este barco viene equipado con sistemas de seguridad avanzados. Perm\u00edteme detallarte algunas de sus caracter\u00edsticas clave:<\/p>\n<ol>\n<li><strong>Geolocalizaci\u00f3n y Radio de Detecci\u00f3n<\/strong>: El Melotadoso tiene un alcance de geolocalizaci\u00f3n de hasta 3 km, lo que significa que puedes rastrearlo y controlarlo desde la aplicaci\u00f3n incluso a distancia.<\/li>\n<li><strong>Sistema Anti Impactos<\/strong>: Para garantizar la seguridad, el Melotadoso est\u00e1 equipado con un detector de obst\u00e1culos que evita que alcance velocidades superiores a las que puede esquivar. Esto es especialmente \u00fatil cuando navegas a alta velocidad.<\/li>\n<li><strong>Control Parental<\/strong>: Si eres un tutor preocupado, el Melotadoso te permite bloquear su control desde la aplicaci\u00f3n. As\u00ed puedes asegurarte de que los m\u00e1s j\u00f3venes no lo utilicen sin supervisi\u00f3n o incluso tomar el control a distancia mientras est\u00e1n en el veh\u00edculo.<\/li>\n<li><strong>Velocidades Personalizables<\/strong>: Con 10 velocidades disponibles, el Melotadoso puede alcanzar hasta 60 km\/h. Adem\u00e1s, cuenta con un sistema de pedales para acelerar y frenar, y un panel de mando para seleccionar las velocidades deseadas. Incluso en velocidades lentas, hay cuatro opciones disponibles, desde 0 km\/h hasta 10 km\/h.<\/li>\n<\/ol>\n<p>En resumen, el Melotadoso con dise\u00f1o pirata Max combina diversi\u00f3n, seguridad y control en un paquete emocionante para los amantes de la navegaci\u00f3n. \u00a1Prep\u00e1rate para zarpar en tu propia aventura pirata!<\/p>\n","protected":false},"excerpt":{"rendered":"<p>Melotadoso dise\u00f1o pirata tama\u00f1o max (grande). Lancha a moto con control remoto desde la app y los sistemas de seguridad incorporados. Posee 10 velocidades hasta 60km\/h. Posee geolocalizaci\u00f3n hasta 3km con detector de pasajeros. Perfecto para disfrutar en familia y que los padres tengan en todo momento control de la situaci\u00f3n desde la app.<\/p>\n","protected":false},"featured_media":197,"comment_status":"open","ping_status":"closed","template":"","meta":[],"product_cat":[49],"product_tag":[48,46,47],"class_list":{"0":"post-211","1":"product","2":"type-product","3":"status-publish","4":"has-post-thumbnail","6":"product_cat-melotadoso","7":"product_tag-max","8":"product_tag-melotadoso","9":"product_tag-pirata","11":"first","12":"instock","13":"sale","14":"taxable","15":"shipping-taxable","16":"purchasable","17":"product-type-simple"},"yoast_head":"<!-- This site is optimized with the Yoast SEO Premium plugin v22.5 (Yoast SEO v22.5) - https:\/\/yoast.com\/wordpress\/plugins\/seo\/ -->\n<title>MELOTADOSO PIRATA MAX - NeoMath<\/title>\n<meta name=\"description\" content=\"Melotadoso dise\u00f1o pirata disponible para compra 10 velocidades hasta 60km\/h. Tiene incorporados todos los sistemas de seguridad, geolocalizaci\u00f3n.\" \/>\n<meta name=\"robots\" content=\"index, follow, max-snippet:-1, max-image-preview:large, max-video-preview:-1\" \/>\n<link rel=\"canonical\" href=\"https:\/\/177121wp08.serviciosformacion.com\/?product=melotadoso-pirata\" \/>\n<meta property=\"og:locale\" content=\"es_ES\" \/>\n<meta property=\"og:type\" content=\"article\" \/>\n<meta property=\"og:title\" content=\"MELOTADOSO PIRATA MAX\" \/>\n<meta property=\"og:description\" content=\"Melotadoso dise\u00f1o pirata disponible para compra 10 velocidades hasta 60km\/h. Tiene incorporados todos los sistemas de seguridad, geolocalizaci\u00f3n.\" \/>\n<meta property=\"og:url\" content=\"https:\/\/177121wp08.serviciosformacion.com\/?product=melotadoso-pirata\" \/>\n<meta property=\"og:site_name\" content=\"NeoMath\" \/>\n<meta property=\"article:modified_time\" content=\"2024-05-22T18:32:38+00:00\" \/>\n<meta property=\"og:image\" content=\"https:\/\/177121wp08.serviciosformacion.com\/wp-content\/uploads\/2024\/05\/OIG2.jpg\" \/>\n\t<meta property=\"og:image:width\" content=\"405\" \/>\n\t<meta property=\"og:image:height\" content=\"405\" \/>\n\t<meta property=\"og:image:type\" content=\"image\/jpeg\" \/>\n<meta name=\"twitter:card\" content=\"summary_large_image\" \/>\n<meta name=\"twitter:label1\" content=\"Tiempo de lectura\" \/>\n\t<meta name=\"twitter:data1\" content=\"2 minutos\" \/>\n<script type=\"application\/ld+json\" class=\"yoast-schema-graph\">{\"@context\":\"https:\/\/schema.org\",\"@graph\":[{\"@type\":\"WebPage\",\"@id\":\"https:\/\/177121wp08.serviciosformacion.com\/?product=melotadoso-pirata\",\"url\":\"https:\/\/177121wp08.serviciosformacion.com\/?product=melotadoso-pirata\",\"name\":\"MELOTADOSO PIRATA MAX - NeoMath\",\"isPartOf\":{\"@id\":\"https:\/\/177121wp08.serviciosformacion.com\/#website\"},\"primaryImageOfPage\":{\"@id\":\"https:\/\/177121wp08.serviciosformacion.com\/?product=melotadoso-pirata#primaryimage\"},\"image\":{\"@id\":\"https:\/\/177121wp08.serviciosformacion.com\/?product=melotadoso-pirata#primaryimage\"},\"thumbnailUrl\":\"https:\/\/177121wp08.serviciosformacion.com\/wp-content\/uploads\/2024\/05\/OIG2.jpg\",\"datePublished\":\"2024-05-22T14:24:18+00:00\",\"dateModified\":\"2024-05-22T18:32:38+00:00\",\"description\":\"Melotadoso dise\u00f1o pirata disponible para compra 10 velocidades hasta 60km\/h. Tiene incorporados todos los sistemas de seguridad, geolocalizaci\u00f3n.\",\"breadcrumb\":{\"@id\":\"https:\/\/177121wp08.serviciosformacion.com\/?product=melotadoso-pirata#breadcrumb\"},\"inLanguage\":\"es\",\"potentialAction\":[{\"@type\":\"ReadAction\",\"target\":[\"https:\/\/177121wp08.serviciosformacion.com\/?product=melotadoso-pirata\"]}]},{\"@type\":\"ImageObject\",\"inLanguage\":\"es\",\"@id\":\"https:\/\/177121wp08.serviciosformacion.com\/?product=melotadoso-pirata#primaryimage\",\"url\":\"https:\/\/177121wp08.serviciosformacion.com\/wp-content\/uploads\/2024\/05\/OIG2.jpg\",\"contentUrl\":\"https:\/\/177121wp08.serviciosformacion.com\/wp-content\/uploads\/2024\/05\/OIG2.jpg\",\"width\":405,\"height\":405,\"caption\":\"Ni\u00f1o-encima-lancha-pirata\"},{\"@type\":\"BreadcrumbList\",\"@id\":\"https:\/\/177121wp08.serviciosformacion.com\/?product=melotadoso-pirata#breadcrumb\",\"itemListElement\":[{\"@type\":\"ListItem\",\"position\":1,\"name\":\"Portada\",\"item\":\"https:\/\/177121wp08.serviciosformacion.com\/\"},{\"@type\":\"ListItem\",\"position\":2,\"name\":\"Tienda\",\"item\":\"https:\/\/177121wp08.serviciosformacion.com\/?page_id=90\"},{\"@type\":\"ListItem\",\"position\":3,\"name\":\"MELOTADOSO PIRATA MAX\"}]},{\"@type\":\"WebSite\",\"@id\":\"https:\/\/177121wp08.serviciosformacion.com\/#website\",\"url\":\"https:\/\/177121wp08.serviciosformacion.com\/\",\"name\":\"NeoMath\",\"description\":\"Un lugar donde se comparte el gusto y la diversi\u00f3n de las matem\u00e1ticas :)\",\"publisher\":{\"@id\":\"https:\/\/177121wp08.serviciosformacion.com\/#organization\"},\"potentialAction\":[{\"@type\":\"SearchAction\",\"target\":{\"@type\":\"EntryPoint\",\"urlTemplate\":\"https:\/\/177121wp08.serviciosformacion.com\/?s={search_term_string}\"},\"query-input\":\"required name=search_term_string\"}],\"inLanguage\":\"es\"},{\"@type\":\"Organization\",\"@id\":\"https:\/\/177121wp08.serviciosformacion.com\/#organization\",\"name\":\"NeoMath\",\"url\":\"https:\/\/177121wp08.serviciosformacion.com\/\",\"logo\":{\"@type\":\"ImageObject\",\"inLanguage\":\"es\",\"@id\":\"https:\/\/177121wp08.serviciosformacion.com\/#\/schema\/logo\/image\/\",\"url\":\"https:\/\/177121wp08.serviciosformacion.com\/wp-content\/uploads\/2024\/04\/cropped-M.png\",\"contentUrl\":\"https:\/\/177121wp08.serviciosformacion.com\/wp-content\/uploads\/2024\/04\/cropped-M.png\",\"width\":500,\"height\":500,\"caption\":\"NeoMath\"},\"image\":{\"@id\":\"https:\/\/177121wp08.serviciosformacion.com\/#\/schema\/logo\/image\/\"}}]}<\/script>\n<!-- \/ Yoast SEO Premium plugin. -->","yoast_head_json":{"title":"MELOTADOSO PIRATA MAX - NeoMath","description":"Melotadoso dise\u00f1o pirata disponible para compra 10 velocidades hasta 60km\/h. Tiene incorporados todos los sistemas de seguridad, geolocalizaci\u00f3n.","robots":{"index":"index","follow":"follow","max-snippet":"max-snippet:-1","max-image-preview":"max-image-preview:large","max-video-preview":"max-video-preview:-1"},"canonical":"https:\/\/177121wp08.serviciosformacion.com\/?product=melotadoso-pirata","og_locale":"es_ES","og_type":"article","og_title":"MELOTADOSO PIRATA MAX","og_description":"Melotadoso dise\u00f1o pirata disponible para compra 10 velocidades hasta 60km\/h. Tiene incorporados todos los sistemas de seguridad, geolocalizaci\u00f3n.","og_url":"https:\/\/177121wp08.serviciosformacion.com\/?product=melotadoso-pirata","og_site_name":"NeoMath","article_modified_time":"2024-05-22T18:32:38+00:00","og_image":[{"width":405,"height":405,"url":"https:\/\/177121wp08.serviciosformacion.com\/wp-content\/uploads\/2024\/05\/OIG2.jpg","type":"image\/jpeg"}],"twitter_card":"summary_large_image","twitter_misc":{"Tiempo de lectura":"2 minutos"},"schema":{"@context":"https:\/\/schema.org","@graph":[{"@type":"WebPage","@id":"https:\/\/177121wp08.serviciosformacion.com\/?product=melotadoso-pirata","url":"https:\/\/177121wp08.serviciosformacion.com\/?product=melotadoso-pirata","name":"MELOTADOSO PIRATA MAX - NeoMath","isPartOf":{"@id":"https:\/\/177121wp08.serviciosformacion.com\/#website"},"primaryImageOfPage":{"@id":"https:\/\/177121wp08.serviciosformacion.com\/?product=melotadoso-pirata#primaryimage"},"image":{"@id":"https:\/\/177121wp08.serviciosformacion.com\/?product=melotadoso-pirata#primaryimage"},"thumbnailUrl":"https:\/\/177121wp08.serviciosformacion.com\/wp-content\/uploads\/2024\/05\/OIG2.jpg","datePublished":"2024-05-22T14:24:18+00:00","dateModified":"2024-05-22T18:32:38+00:00","description":"Melotadoso dise\u00f1o pirata disponible para compra 10 velocidades hasta 60km\/h. Tiene incorporados todos los sistemas de seguridad, geolocalizaci\u00f3n.","breadcrumb":{"@id":"https:\/\/177121wp08.serviciosformacion.com\/?product=melotadoso-pirata#breadcrumb"},"inLanguage":"es","potentialAction":[{"@type":"ReadAction","target":["https:\/\/177121wp08.serviciosformacion.com\/?product=melotadoso-pirata"]}]},{"@type":"ImageObject","inLanguage":"es","@id":"https:\/\/177121wp08.serviciosformacion.com\/?product=melotadoso-pirata#primaryimage","url":"https:\/\/177121wp08.serviciosformacion.com\/wp-content\/uploads\/2024\/05\/OIG2.jpg","contentUrl":"https:\/\/177121wp08.serviciosformacion.com\/wp-content\/uploads\/2024\/05\/OIG2.jpg","width":405,"height":405,"caption":"Ni\u00f1o-encima-lancha-pirata"},{"@type":"BreadcrumbList","@id":"https:\/\/177121wp08.serviciosformacion.com\/?product=melotadoso-pirata#breadcrumb","itemListElement":[{"@type":"ListItem","position":1,"name":"Portada","item":"https:\/\/177121wp08.serviciosformacion.com\/"},{"@type":"ListItem","position":2,"name":"Tienda","item":"https:\/\/177121wp08.serviciosformacion.com\/?page_id=90"},{"@type":"ListItem","position":3,"name":"MELOTADOSO PIRATA MAX"}]},{"@type":"WebSite","@id":"https:\/\/177121wp08.serviciosformacion.com\/#website","url":"https:\/\/177121wp08.serviciosformacion.com\/","name":"NeoMath","description":"Un lugar donde se comparte el gusto y la diversi\u00f3n de las matem\u00e1ticas :)","publisher":{"@id":"https:\/\/177121wp08.serviciosformacion.com\/#organization"},"potentialAction":[{"@type":"SearchAction","target":{"@type":"EntryPoint","urlTemplate":"https:\/\/177121wp08.serviciosformacion.com\/?s={search_term_string}"},"query-input":"required name=search_term_string"}],"inLanguage":"es"},{"@type":"Organization","@id":"https:\/\/177121wp08.serviciosformacion.com\/#organization","name":"NeoMath","url":"https:\/\/177121wp08.serviciosformacion.com\/","logo":{"@type":"ImageObject","inLanguage":"es","@id":"https:\/\/177121wp08.serviciosformacion.com\/#\/schema\/logo\/image\/","url":"https:\/\/177121wp08.serviciosformacion.com\/wp-content\/uploads\/2024\/04\/cropped-M.png","contentUrl":"https:\/\/177121wp08.serviciosformacion.com\/wp-content\/uploads\/2024\/04\/cropped-M.png","width":500,"height":500,"caption":"NeoMath"},"image":{"@id":"https:\/\/177121wp08.serviciosformacion.com\/#\/schema\/logo\/image\/"}}]}},"_links":{"self":[{"href":"https:\/\/177121wp08.serviciosformacion.com\/index.php?rest_route=\/wp\/v2\/product\/211","targetHints":{"allow":["GET"]}}],"collection":[{"href":"https:\/\/177121wp08.serviciosformacion.com\/index.php?rest_route=\/wp\/v2\/product"}],"about":[{"href":"https:\/\/177121wp08.serviciosformacion.com\/index.php?rest_route=\/wp\/v2\/types\/product"}],"replies":[{"embeddable":true,"href":"https:\/\/177121wp08.serviciosformacion.com\/index.php?rest_route=%2Fwp%2Fv2%2Fcomments&post=211"}],"wp:featuredmedia":[{"embeddable":true,"href":"https:\/\/177121wp08.serviciosformacion.com\/index.php?rest_route=\/wp\/v2\/media\/197"}],"wp:attachment":[{"href":"https:\/\/177121wp08.serviciosformacion.com\/index.php?rest_route=%2Fwp%2Fv2%2Fmedia&parent=211"}],"wp:term":[{"taxonomy":"product_cat","embeddable":true,"href":"https:\/\/177121wp08.serviciosformacion.com\/index.php?rest_route=%2Fwp%2Fv2%2Fproduct_cat&post=211"},{"taxonomy":"product_tag","embeddable":true,"href":"https:\/\/177121wp08.serviciosformacion.com\/index.php?rest_route=%2Fwp%2Fv2%2Fproduct_tag&post=211"}],"curies":[{"name":"wp","href":"https:\/\/api.w.org\/{rel}","templated":true}]}}