{"id":192,"date":"2024-05-21T18:07:49","date_gmt":"2024-05-21T18:07:49","guid":{"rendered":"https:\/\/177121wp08.serviciosformacion.com\/?page_id=192"},"modified":"2024-05-21T18:07:52","modified_gmt":"2024-05-21T18:07:52","slug":"melotadoso","status":"publish","type":"page","link":"https:\/\/177121wp08.serviciosformacion.com\/?page_id=192","title":{"rendered":"MELOTADOSO"},"content":{"rendered":"\n<p>\u00a1Presentamos la lancha a motor para ni\u00f1os controlada por m\u00f3vil, el regalo perfecto para los peque\u00f1os aventureros amantes del agua! Dise\u00f1ada con la seguridad y la diversi\u00f3n en mente, esta lancha ofrece una experiencia inigualable tanto para los ni\u00f1os como para sus padres.<\/p>\n\n\n\n<figure class=\"wp-block-image size-full is-resized\"><img loading=\"lazy\" decoding=\"async\" width=\"405\" height=\"405\" src=\"https:\/\/177121wp08.serviciosformacion.com\/wp-content\/uploads\/2024\/05\/OIG1-1.jpg\" alt=\"Ni\u00f1a disfrutando de una lancha a motor para ni\u00f1os\" class=\"wp-image-198\" style=\"width:271px;height:auto\" srcset=\"https:\/\/177121wp08.serviciosformacion.com\/wp-content\/uploads\/2024\/05\/OIG1-1.jpg 405w, https:\/\/177121wp08.serviciosformacion.com\/wp-content\/uploads\/2024\/05\/OIG1-1-300x300.jpg 300w, https:\/\/177121wp08.serviciosformacion.com\/wp-content\/uploads\/2024\/05\/OIG1-1-150x150.jpg 150w, https:\/\/177121wp08.serviciosformacion.com\/wp-content\/uploads\/2024\/05\/OIG1-1-100x100.jpg 100w\" sizes=\"auto, (max-width: 405px) 100vw, 405px\" \/><\/figure>\n\n\n\n<h3 class=\"wp-block-heading\" id=\"h-descubre-la-emocion-del-agua-con-nuestra-lancha-a-motor-para-ninos\">\u00a1Descubre la Emoci\u00f3n del Agua con Nuestra Lancha a Motor para Ni\u00f1os!<\/h3>\n\n\n\n<p>\u00bfEst\u00e1s buscando una forma emocionante y segura de que tus peque\u00f1os se diviertan en el agua? \u00a1No busques m\u00e1s! Adquiere nuestro Melotadoso controlado por m\u00f3vil es la respuesta a tus deseos de aventura acu\u00e1tica en familia. Su dise\u00f1o y materiales resistentes a impactos y alerta para cuando el infante ya no esta en la lancha con geolocalizaci\u00f3n , es el sue\u00f1o de todos los padres que desean llevar sus hijos a la playa y no preocuparse.<\/p>\n\n\n\n<figure class=\"wp-block-image size-full\"><img loading=\"lazy\" decoding=\"async\" width=\"405\" height=\"405\" src=\"https:\/\/177121wp08.serviciosformacion.com\/wp-content\/uploads\/2024\/05\/padres-desprocupados.jpg\" alt=\"Padres desprocupado\" class=\"wp-image-208\" srcset=\"https:\/\/177121wp08.serviciosformacion.com\/wp-content\/uploads\/2024\/05\/padres-desprocupados.jpg 405w, https:\/\/177121wp08.serviciosformacion.com\/wp-content\/uploads\/2024\/05\/padres-desprocupados-300x300.jpg 300w, https:\/\/177121wp08.serviciosformacion.com\/wp-content\/uploads\/2024\/05\/padres-desprocupados-150x150.jpg 150w, https:\/\/177121wp08.serviciosformacion.com\/wp-content\/uploads\/2024\/05\/padres-desprocupados-100x100.jpg 100w\" sizes=\"auto, (max-width: 405px) 100vw, 405px\" \/><\/figure>\n\n\n\n<p>\u00a1\u00a1\u00a1FUNCIONES!!!<\/p>\n\n\n\n<p>Funciones de seguridad<\/p>\n\n\n\n<ol class=\"wp-block-list\">\n<li>Control parental a trav\u00e9s de la aplicaci\u00f3n<\/li>\n<\/ol>\n\n\n\n<p>2. Bloqueo de seguridad<\/p>\n\n\n\n<p>3. Geolocalizaci\u00f3n<\/p>\n\n\n\n<p>4. Detector de usuarios a bordo del  melotadoso<\/p>\n\n\n\n<p>5. Mecanismo de seguridad para impactos<\/p>\n\n\n\n<p>Funciones se uso<\/p>\n\n\n\n<ol class=\"wp-block-list\">\n<li>Alta duraci\u00f3n siendo este de 5h <\/li>\n\n\n\n<li>Control remoto desde la aplicaci\u00f3n<\/li>\n\n\n\n<li>10 velocidades llegando a los 60km\/h<\/li>\n\n\n\n<li>Se puede inflar y desinflar para poder llevarla en la mayor\u00eda de veh\u00edculos<\/li>\n\n\n\n<li>Se puede dirigir desde un volante que tiene incorporado<\/li>\n<\/ol>\n","protected":false},"excerpt":{"rendered":"<p>\u00a1Presentamos la lancha a motor para ni\u00f1os controlada por m\u00f3vil, el regalo perfecto para los peque\u00f1os aventureros amantes del agua! Dise\u00f1ada con la seguridad y la diversi\u00f3n en mente, esta lancha ofrece una experiencia inigualable tanto para los ni\u00f1os como para sus padres. \u00a1Descubre la Emoci\u00f3n del Agua con Nuestra Lancha a Motor para Ni\u00f1os! [&hellip;]<\/p>\n","protected":false},"author":1,"featured_media":0,"parent":0,"menu_order":0,"comment_status":"closed","ping_status":"closed","template":"","meta":{"footnotes":""},"class_list":["post-192","page","type-page","status-publish","hentry"],"yoast_head":"<!-- This site is optimized with the Yoast SEO Premium plugin v22.5 (Yoast SEO v22.5) - https:\/\/yoast.com\/wordpress\/plugins\/seo\/ -->\n<title>Compra la Mejor Lancha a Motor para Ni\u00f1os | Control por M\u00f3vil<\/title>\n<meta name=\"description\" content=\"Consigue la lancha a motor para ni\u00f1os controlada desde tu m\u00f3vil. Seguridad y diversi\u00f3n aseguradas. \u00a1Perfecta para aventuras acu\u00e1ticas !\" \/>\n<meta name=\"robots\" content=\"index, follow, max-snippet:-1, max-image-preview:large, max-video-preview:-1\" \/>\n<link rel=\"canonical\" href=\"https:\/\/177121wp08.serviciosformacion.com\/?page_id=192\" \/>\n<meta property=\"og:locale\" content=\"es_ES\" \/>\n<meta property=\"og:type\" content=\"article\" \/>\n<meta property=\"og:title\" content=\"MELOTADOSO\" \/>\n<meta property=\"og:description\" content=\"Consigue la lancha a motor para ni\u00f1os controlada desde tu m\u00f3vil. Seguridad y diversi\u00f3n aseguradas. \u00a1Perfecta para aventuras acu\u00e1ticas !\" \/>\n<meta property=\"og:url\" content=\"https:\/\/177121wp08.serviciosformacion.com\/?page_id=192\" \/>\n<meta property=\"og:site_name\" content=\"NeoMath\" \/>\n<meta property=\"article:modified_time\" content=\"2024-05-21T18:07:52+00:00\" \/>\n<meta property=\"og:image\" content=\"https:\/\/177121wp08.serviciosformacion.com\/wp-content\/uploads\/2024\/05\/OIG1-1.jpg\" \/>\n<meta name=\"twitter:card\" content=\"summary_large_image\" \/>\n<meta name=\"twitter:label1\" content=\"Tiempo de lectura\" \/>\n\t<meta name=\"twitter:data1\" content=\"2 minutos\" \/>\n<script type=\"application\/ld+json\" class=\"yoast-schema-graph\">{\"@context\":\"https:\/\/schema.org\",\"@graph\":[{\"@type\":\"WebPage\",\"@id\":\"https:\/\/177121wp08.serviciosformacion.com\/?page_id=192\",\"url\":\"https:\/\/177121wp08.serviciosformacion.com\/?page_id=192\",\"name\":\"Compra la Mejor Lancha a Motor para Ni\u00f1os | Control por M\u00f3vil\",\"isPartOf\":{\"@id\":\"https:\/\/177121wp08.serviciosformacion.com\/#website\"},\"primaryImageOfPage\":{\"@id\":\"https:\/\/177121wp08.serviciosformacion.com\/?page_id=192#primaryimage\"},\"image\":{\"@id\":\"https:\/\/177121wp08.serviciosformacion.com\/?page_id=192#primaryimage\"},\"thumbnailUrl\":\"https:\/\/177121wp08.serviciosformacion.com\/wp-content\/uploads\/2024\/05\/OIG1-1.jpg\",\"datePublished\":\"2024-05-21T18:07:49+00:00\",\"dateModified\":\"2024-05-21T18:07:52+00:00\",\"description\":\"Consigue la lancha a motor para ni\u00f1os controlada desde tu m\u00f3vil. Seguridad y diversi\u00f3n aseguradas. \u00a1Perfecta para aventuras acu\u00e1ticas !\",\"breadcrumb\":{\"@id\":\"https:\/\/177121wp08.serviciosformacion.com\/?page_id=192#breadcrumb\"},\"inLanguage\":\"es\",\"potentialAction\":[{\"@type\":\"ReadAction\",\"target\":[\"https:\/\/177121wp08.serviciosformacion.com\/?page_id=192\"]}]},{\"@type\":\"ImageObject\",\"inLanguage\":\"es\",\"@id\":\"https:\/\/177121wp08.serviciosformacion.com\/?page_id=192#primaryimage\",\"url\":\"https:\/\/177121wp08.serviciosformacion.com\/wp-content\/uploads\/2024\/05\/OIG1-1.jpg\",\"contentUrl\":\"https:\/\/177121wp08.serviciosformacion.com\/wp-content\/uploads\/2024\/05\/OIG1-1.jpg\",\"width\":405,\"height\":405},{\"@type\":\"BreadcrumbList\",\"@id\":\"https:\/\/177121wp08.serviciosformacion.com\/?page_id=192#breadcrumb\",\"itemListElement\":[{\"@type\":\"ListItem\",\"position\":1,\"name\":\"Portada\",\"item\":\"https:\/\/177121wp08.serviciosformacion.com\/\"},{\"@type\":\"ListItem\",\"position\":2,\"name\":\"MELOTADOSO\"}]},{\"@type\":\"WebSite\",\"@id\":\"https:\/\/177121wp08.serviciosformacion.com\/#website\",\"url\":\"https:\/\/177121wp08.serviciosformacion.com\/\",\"name\":\"NeoMath\",\"description\":\"Un lugar donde se comparte el gusto y la diversi\u00f3n de las matem\u00e1ticas :)\",\"publisher\":{\"@id\":\"https:\/\/177121wp08.serviciosformacion.com\/#organization\"},\"potentialAction\":[{\"@type\":\"SearchAction\",\"target\":{\"@type\":\"EntryPoint\",\"urlTemplate\":\"https:\/\/177121wp08.serviciosformacion.com\/?s={search_term_string}\"},\"query-input\":\"required name=search_term_string\"}],\"inLanguage\":\"es\"},{\"@type\":\"Organization\",\"@id\":\"https:\/\/177121wp08.serviciosformacion.com\/#organization\",\"name\":\"NeoMath\",\"url\":\"https:\/\/177121wp08.serviciosformacion.com\/\",\"logo\":{\"@type\":\"ImageObject\",\"inLanguage\":\"es\",\"@id\":\"https:\/\/177121wp08.serviciosformacion.com\/#\/schema\/logo\/image\/\",\"url\":\"https:\/\/177121wp08.serviciosformacion.com\/wp-content\/uploads\/2024\/04\/cropped-M.png\",\"contentUrl\":\"https:\/\/177121wp08.serviciosformacion.com\/wp-content\/uploads\/2024\/04\/cropped-M.png\",\"width\":500,\"height\":500,\"caption\":\"NeoMath\"},\"image\":{\"@id\":\"https:\/\/177121wp08.serviciosformacion.com\/#\/schema\/logo\/image\/\"}}]}<\/script>\n<!-- \/ Yoast SEO Premium plugin. -->","yoast_head_json":{"title":"Compra la Mejor Lancha a Motor para Ni\u00f1os | Control por M\u00f3vil","description":"Consigue la lancha a motor para ni\u00f1os controlada desde tu m\u00f3vil. Seguridad y diversi\u00f3n aseguradas. \u00a1Perfecta para aventuras acu\u00e1ticas !","robots":{"index":"index","follow":"follow","max-snippet":"max-snippet:-1","max-image-preview":"max-image-preview:large","max-video-preview":"max-video-preview:-1"},"canonical":"https:\/\/177121wp08.serviciosformacion.com\/?page_id=192","og_locale":"es_ES","og_type":"article","og_title":"MELOTADOSO","og_description":"Consigue la lancha a motor para ni\u00f1os controlada desde tu m\u00f3vil. Seguridad y diversi\u00f3n aseguradas. \u00a1Perfecta para aventuras acu\u00e1ticas !","og_url":"https:\/\/177121wp08.serviciosformacion.com\/?page_id=192","og_site_name":"NeoMath","article_modified_time":"2024-05-21T18:07:52+00:00","og_image":[{"url":"https:\/\/177121wp08.serviciosformacion.com\/wp-content\/uploads\/2024\/05\/OIG1-1.jpg"}],"twitter_card":"summary_large_image","twitter_misc":{"Tiempo de lectura":"2 minutos"},"schema":{"@context":"https:\/\/schema.org","@graph":[{"@type":"WebPage","@id":"https:\/\/177121wp08.serviciosformacion.com\/?page_id=192","url":"https:\/\/177121wp08.serviciosformacion.com\/?page_id=192","name":"Compra la Mejor Lancha a Motor para Ni\u00f1os | Control por M\u00f3vil","isPartOf":{"@id":"https:\/\/177121wp08.serviciosformacion.com\/#website"},"primaryImageOfPage":{"@id":"https:\/\/177121wp08.serviciosformacion.com\/?page_id=192#primaryimage"},"image":{"@id":"https:\/\/177121wp08.serviciosformacion.com\/?page_id=192#primaryimage"},"thumbnailUrl":"https:\/\/177121wp08.serviciosformacion.com\/wp-content\/uploads\/2024\/05\/OIG1-1.jpg","datePublished":"2024-05-21T18:07:49+00:00","dateModified":"2024-05-21T18:07:52+00:00","description":"Consigue la lancha a motor para ni\u00f1os controlada desde tu m\u00f3vil. Seguridad y diversi\u00f3n aseguradas. \u00a1Perfecta para aventuras acu\u00e1ticas !","breadcrumb":{"@id":"https:\/\/177121wp08.serviciosformacion.com\/?page_id=192#breadcrumb"},"inLanguage":"es","potentialAction":[{"@type":"ReadAction","target":["https:\/\/177121wp08.serviciosformacion.com\/?page_id=192"]}]},{"@type":"ImageObject","inLanguage":"es","@id":"https:\/\/177121wp08.serviciosformacion.com\/?page_id=192#primaryimage","url":"https:\/\/177121wp08.serviciosformacion.com\/wp-content\/uploads\/2024\/05\/OIG1-1.jpg","contentUrl":"https:\/\/177121wp08.serviciosformacion.com\/wp-content\/uploads\/2024\/05\/OIG1-1.jpg","width":405,"height":405},{"@type":"BreadcrumbList","@id":"https:\/\/177121wp08.serviciosformacion.com\/?page_id=192#breadcrumb","itemListElement":[{"@type":"ListItem","position":1,"name":"Portada","item":"https:\/\/177121wp08.serviciosformacion.com\/"},{"@type":"ListItem","position":2,"name":"MELOTADOSO"}]},{"@type":"WebSite","@id":"https:\/\/177121wp08.serviciosformacion.com\/#website","url":"https:\/\/177121wp08.serviciosformacion.com\/","name":"NeoMath","description":"Un lugar donde se comparte el gusto y la diversi\u00f3n de las matem\u00e1ticas :)","publisher":{"@id":"https:\/\/177121wp08.serviciosformacion.com\/#organization"},"potentialAction":[{"@type":"SearchAction","target":{"@type":"EntryPoint","urlTemplate":"https:\/\/177121wp08.serviciosformacion.com\/?s={search_term_string}"},"query-input":"required name=search_term_string"}],"inLanguage":"es"},{"@type":"Organization","@id":"https:\/\/177121wp08.serviciosformacion.com\/#organization","name":"NeoMath","url":"https:\/\/177121wp08.serviciosformacion.com\/","logo":{"@type":"ImageObject","inLanguage":"es","@id":"https:\/\/177121wp08.serviciosformacion.com\/#\/schema\/logo\/image\/","url":"https:\/\/177121wp08.serviciosformacion.com\/wp-content\/uploads\/2024\/04\/cropped-M.png","contentUrl":"https:\/\/177121wp08.serviciosformacion.com\/wp-content\/uploads\/2024\/04\/cropped-M.png","width":500,"height":500,"caption":"NeoMath"},"image":{"@id":"https:\/\/177121wp08.serviciosformacion.com\/#\/schema\/logo\/image\/"}}]}},"_links":{"self":[{"href":"https:\/\/177121wp08.serviciosformacion.com\/index.php?rest_route=\/wp\/v2\/pages\/192","targetHints":{"allow":["GET"]}}],"collection":[{"href":"https:\/\/177121wp08.serviciosformacion.com\/index.php?rest_route=\/wp\/v2\/pages"}],"about":[{"href":"https:\/\/177121wp08.serviciosformacion.com\/index.php?rest_route=\/wp\/v2\/types\/page"}],"author":[{"embeddable":true,"href":"https:\/\/177121wp08.serviciosformacion.com\/index.php?rest_route=\/wp\/v2\/users\/1"}],"replies":[{"embeddable":true,"href":"https:\/\/177121wp08.serviciosformacion.com\/index.php?rest_route=%2Fwp%2Fv2%2Fcomments&post=192"}],"version-history":[{"count":3,"href":"https:\/\/177121wp08.serviciosformacion.com\/index.php?rest_route=\/wp\/v2\/pages\/192\/revisions"}],"predecessor-version":[{"id":210,"href":"https:\/\/177121wp08.serviciosformacion.com\/index.php?rest_route=\/wp\/v2\/pages\/192\/revisions\/210"}],"wp:attachment":[{"href":"https:\/\/177121wp08.serviciosformacion.com\/index.php?rest_route=%2Fwp%2Fv2%2Fmedia&parent=192"}],"curies":[{"name":"wp","href":"https:\/\/api.w.org\/{rel}","templated":true}]}}